{"id":11,"date":"2010-06-04T15:12:04","date_gmt":"2010-06-04T12:12:04","guid":{"rendered":"https:\/\/www.achillionpalace.gr\/%cf%88%cf%85%cf%87%ce%b1%ce%b3%cf%89%ce%b3%ce%af%ce%b1\/"},"modified":"2018-09-06T10:29:13","modified_gmt":"2018-09-06T07:29:13","slug":"entertainment","status":"publish","type":"page","link":"https:\/\/www.achillionpalace.gr\/de\/entertainment\/","title":{"rendered":"Unterhaltung"},"content":{"rendered":"<p>Der Aufenthalt im <strong>ACHILLION PALACE<\/strong> ist Garantie f\u00fcr Ihre Unterhaltung. Seine sch\u00f6n gestalteten R\u00e4ume sind ideal, um auf angenehmste Weise Ihre freie Zeit zu nutzen, auch bringt Sie seine Lage in unmittelbare N\u00e4he zum historischen und Gesch\u00e4ftszentrum von Rethymno.<\/p>\n<p>Genie\u00dfen Sie Ihren Drink an der Bar oder im angenehm k\u00fchlen Innengarten des Hotels. Probieren Sie einen ausgezeichneten Cocktail im Roof Garden mit Panoramablick aufs Meer und die ganze Stadt. Und vers\u00e4umen Sie nicht, sich in die Geheimnisse unseres gut sortierten Weinkellers mit ber\u00fchmten Kreta-Weinen einweihen zu lassen. Erkunden Sie auch, vom Achillion ausgehend, das reizvolle Labyrinth der Altstadt, besuchen Sie die bedeutenden Sehensw\u00fcrdigkeiten der Gegend, gehen Sie am wundersch\u00f6nen Strand spazieren oder machen Sie einen interessanten Einkaufsbummel durch die Gesch\u00e4fte von Rethymno.<\/p>\n<p>Wir k\u00f6nnen Ihnen gerne dabei helfen, den Reiz unserer Stadt zu entdecken. Wir versorgen Sie mit aktuellen Stadtpl\u00e4nen und Landkarten, verraten Ihnen die kleinen Geheimnisse der Gegend, und falls Ihnen die Fortbewegung zu Fu\u00df Schwierigkeiten bereitet, besorgen wir f\u00fcr Sie ein Miet-Fahrrad zu bestem Preis.<strong> <\/strong><\/p>","protected":false},"excerpt":{"rendered":"<p>Der Aufenthalt im ACHILLION PALACE ist Garantie f\u00fcr Ihre Unterhaltung. Seine sch\u00f6n gestalteten R\u00e4ume sind ideal, um auf angenehmste Weise Ihre freie Zeit zu nutzen, auch bringt Sie seine Lage in unmittelbare N\u00e4he zum historischen und Gesch\u00e4ftszentrum von Rethymno. Genie\u00dfen Sie Ihren Drink an der Bar oder im angenehm k\u00fchlen Innengarten des Hotels. Probieren Sie [&hellip;]<\/p>\n","protected":false},"author":2,"featured_media":0,"parent":0,"menu_order":4,"comment_status":"closed","ping_status":"open","template":"","meta":{"ngg_post_thumbnail":0,"footnotes":""},"_links":{"self":[{"href":"https:\/\/www.achillionpalace.gr\/de\/wp-json\/wp\/v2\/pages\/11"}],"collection":[{"href":"https:\/\/www.achillionpalace.gr\/de\/wp-json\/wp\/v2\/pages"}],"about":[{"href":"https:\/\/www.achillionpalace.gr\/de\/wp-json\/wp\/v2\/types\/page"}],"author":[{"embeddable":true,"href":"https:\/\/www.achillionpalace.gr\/de\/wp-json\/wp\/v2\/users\/2"}],"replies":[{"embeddable":true,"href":"https:\/\/www.achillionpalace.gr\/de\/wp-json\/wp\/v2\/comments?post=11"}],"version-history":[{"count":0,"href":"https:\/\/www.achillionpalace.gr\/de\/wp-json\/wp\/v2\/pages\/11\/revisions"}],"wp:attachment":[{"href":"https:\/\/www.achillionpalace.gr\/de\/wp-json\/wp\/v2\/media?parent=11"}],"curies":[{"name":"wp","href":"https:\/\/api.w.org\/{rel}","templated":true}]}}