{"id":13,"date":"2010-06-04T15:13:04","date_gmt":"2010-06-04T12:13:04","guid":{"rendered":"https:\/\/www.achillionpalace.gr\/%ce%b4%cf%89%ce%bc%ce%ac%cf%84%ce%b9%ce%b1\/"},"modified":"2018-09-06T10:30:39","modified_gmt":"2018-09-06T07:30:39","slug":"accommodation","status":"publish","type":"page","link":"https:\/\/www.achillionpalace.gr\/de\/accommodation\/","title":{"rendered":"Unterbringung"},"content":{"rendered":"<p>Alle 72 ger\u00e4umigen Zimmer des <strong>ACHILLION PALACE<\/strong> verf\u00fcgen \u00fcber einen Balkon und verbinden harmonisch die Finesse eines sch\u00f6nen Innenraumes mit Blick aufs Meer oder den gr\u00fcnen Innengarten des Hotels. Mit Sorge auch f\u00fcr das kleinste Detail ist es mit allem modernen Komfort ausgestattet, wie:<\/p>\n<ul>\n<li>Klimaanlage<\/li>\n<li>Telefon<\/li>\n<li>Geldsafe<\/li>\n<li>Fernseher<\/li>\n<li>K\u00fchlschrank<\/li>\n<li>F\u00f6n<\/li>\n<li>Kabelloses Internet.<\/li>\n<\/ul>\n<p><\/p>","protected":false},"excerpt":{"rendered":"<p>Alle 72 ger\u00e4umigen Zimmer des ACHILLION PALACE verf\u00fcgen \u00fcber einen Balkon und verbinden harmonisch die Finesse eines sch\u00f6nen Innenraumes mit Blick aufs Meer oder den gr\u00fcnen Innengarten des Hotels. Mit Sorge auch f\u00fcr das kleinste Detail ist es mit allem modernen Komfort ausgestattet, wie: Klimaanlage Telefon Geldsafe Fernseher K\u00fchlschrank F\u00f6n Kabelloses Internet.<\/p>\n","protected":false},"author":2,"featured_media":0,"parent":0,"menu_order":5,"comment_status":"closed","ping_status":"open","template":"","meta":{"ngg_post_thumbnail":0,"footnotes":""},"_links":{"self":[{"href":"https:\/\/www.achillionpalace.gr\/de\/wp-json\/wp\/v2\/pages\/13"}],"collection":[{"href":"https:\/\/www.achillionpalace.gr\/de\/wp-json\/wp\/v2\/pages"}],"about":[{"href":"https:\/\/www.achillionpalace.gr\/de\/wp-json\/wp\/v2\/types\/page"}],"author":[{"embeddable":true,"href":"https:\/\/www.achillionpalace.gr\/de\/wp-json\/wp\/v2\/users\/2"}],"replies":[{"embeddable":true,"href":"https:\/\/www.achillionpalace.gr\/de\/wp-json\/wp\/v2\/comments?post=13"}],"version-history":[{"count":0,"href":"https:\/\/www.achillionpalace.gr\/de\/wp-json\/wp\/v2\/pages\/13\/revisions"}],"wp:attachment":[{"href":"https:\/\/www.achillionpalace.gr\/de\/wp-json\/wp\/v2\/media?parent=13"}],"curies":[{"name":"wp","href":"https:\/\/api.w.org\/{rel}","templated":true}]}}