{"id":15,"date":"2010-06-04T15:13:50","date_gmt":"2010-06-04T12:13:50","guid":{"rendered":"https:\/\/www.achillionpalace.gr\/%cf%84%ce%bf-%cf%81%ce%ad%ce%b8%cf%85%ce%bc%ce%bd%ce%bf\/"},"modified":"2018-09-06T10:35:41","modified_gmt":"2018-09-06T07:35:41","slug":"rethymno","status":"publish","type":"page","link":"https:\/\/www.achillionpalace.gr\/de\/rethymno\/","title":{"rendered":"Rethymno"},"content":{"rendered":"<p>Das historische Rethymno, die drittgr\u00f6\u00dfte Stadt Kretas, ist das Zentrum einer florierenden touristischen Gegend, die organisiert und methodisch die komparativen \u00a0Vorteile ausgenutzt hat, mit denen die Natur sie beschenkt hat, die Geschichte und die lokale Tradition.<\/p>\n<p>Auch wenn Rethymno das Aussehen einer modernen, vor Leben strotzenden Gro\u00dfstadt hat, konnte es sich doch im Herzen die Erinnerung an die Vergangenheit bewahren, die sich an den G\u00e4sschen und den Geb\u00e4udefassaden der Altstadt zeigt, die eine der besterhaltenen Renaissancest\u00e4dte Europas ist.<\/p>\n<p>Im Schatten einer imposanten mittelalterlichen Festung in der N\u00e4he des alten Hafens, der unversehrt die Zeiten \u00fcberlebte, und in unmittelbarer N\u00e4he des Sandstrandes von Rethymno gelegen, bildet die Altstadt, voller Sehensw\u00fcrdigkeiten, beladen mit venezianischen und orientalischen Elementen, die im Lauf der Zeit zusammengef\u00fcgt wurden, ein lebendiges Museum f\u00fcr die Geschichte der Gegend, aber auch den Mittelpunkt ihres modernen touristischen Lebens.<\/p>","protected":false},"excerpt":{"rendered":"<p>Das historische Rethymno, die drittgr\u00f6\u00dfte Stadt Kretas, ist das Zentrum einer florierenden touristischen Gegend, die organisiert und methodisch die komparativen \u00a0Vorteile ausgenutzt hat, mit denen die Natur sie beschenkt hat, die Geschichte und die lokale Tradition. Auch wenn Rethymno das Aussehen einer modernen, vor Leben strotzenden Gro\u00dfstadt hat, konnte es sich doch im Herzen die [&hellip;]<\/p>\n","protected":false},"author":2,"featured_media":0,"parent":0,"menu_order":6,"comment_status":"closed","ping_status":"open","template":"","meta":{"ngg_post_thumbnail":0,"footnotes":""},"_links":{"self":[{"href":"https:\/\/www.achillionpalace.gr\/de\/wp-json\/wp\/v2\/pages\/15"}],"collection":[{"href":"https:\/\/www.achillionpalace.gr\/de\/wp-json\/wp\/v2\/pages"}],"about":[{"href":"https:\/\/www.achillionpalace.gr\/de\/wp-json\/wp\/v2\/types\/page"}],"author":[{"embeddable":true,"href":"https:\/\/www.achillionpalace.gr\/de\/wp-json\/wp\/v2\/users\/2"}],"replies":[{"embeddable":true,"href":"https:\/\/www.achillionpalace.gr\/de\/wp-json\/wp\/v2\/comments?post=15"}],"version-history":[{"count":0,"href":"https:\/\/www.achillionpalace.gr\/de\/wp-json\/wp\/v2\/pages\/15\/revisions"}],"wp:attachment":[{"href":"https:\/\/www.achillionpalace.gr\/de\/wp-json\/wp\/v2\/media?parent=15"}],"curies":[{"name":"wp","href":"https:\/\/api.w.org\/{rel}","templated":true}]}}