{"id":17,"date":"2010-06-04T15:36:38","date_gmt":"2010-06-04T12:36:38","guid":{"rendered":"https:\/\/www.achillionpalace.gr\/?page_id=17"},"modified":"2018-09-06T12:08:23","modified_gmt":"2018-09-06T09:08:23","slug":"events","status":"publish","type":"page","link":"https:\/\/www.achillionpalace.gr\/de\/events\/","title":{"rendered":"Veranstaltungen"},"content":{"rendered":"<p>Das <strong>ACHILLION PALACE<\/strong> hat einen multifunktionalen Saal mit Platz f\u00fcr 120 Personen, der ideal f\u00fcr die Durchf\u00fchrung von Vortr\u00e4gen, beruflichen Zusammenk\u00fcnften und Betriebsveranstaltungen ist. In Zusammenarbeit mit einem vertrauensw\u00fcrdigen Netz erfahrener Profis kann die erforderliche technische Ausstattung sichergestellt, Cateringdienstleistungen erbracht und der Raum entsprechend den besonderen Bed\u00fcrfnissen der jeweiligen Veranstaltung umgestaltet werden. Das freundliche und \u00e4u\u00dferst sorgf\u00e4ltig arbeitende Hotelpersonal ist Garantie f\u00fcr den Erfolg jeder Veranstaltung, von der Planung bis zur Vollendung.<\/p>","protected":false},"excerpt":{"rendered":"<p>Das ACHILLION PALACE hat einen multifunktionalen Saal mit Platz f\u00fcr 120 Personen, der ideal f\u00fcr die Durchf\u00fchrung von Vortr\u00e4gen, beruflichen Zusammenk\u00fcnften und Betriebsveranstaltungen ist. In Zusammenarbeit mit einem vertrauensw\u00fcrdigen Netz erfahrener Profis kann die erforderliche technische Ausstattung sichergestellt, Cateringdienstleistungen erbracht und der Raum entsprechend den besonderen Bed\u00fcrfnissen der jeweiligen Veranstaltung umgestaltet werden. Das freundliche und [&hellip;]<\/p>\n","protected":false},"author":2,"featured_media":338,"parent":0,"menu_order":7,"comment_status":"closed","ping_status":"open","template":"","meta":{"ngg_post_thumbnail":0,"footnotes":""},"_links":{"self":[{"href":"https:\/\/www.achillionpalace.gr\/de\/wp-json\/wp\/v2\/pages\/17"}],"collection":[{"href":"https:\/\/www.achillionpalace.gr\/de\/wp-json\/wp\/v2\/pages"}],"about":[{"href":"https:\/\/www.achillionpalace.gr\/de\/wp-json\/wp\/v2\/types\/page"}],"author":[{"embeddable":true,"href":"https:\/\/www.achillionpalace.gr\/de\/wp-json\/wp\/v2\/users\/2"}],"replies":[{"embeddable":true,"href":"https:\/\/www.achillionpalace.gr\/de\/wp-json\/wp\/v2\/comments?post=17"}],"version-history":[{"count":0,"href":"https:\/\/www.achillionpalace.gr\/de\/wp-json\/wp\/v2\/pages\/17\/revisions"}],"wp:featuredmedia":[{"embeddable":true,"href":"https:\/\/www.achillionpalace.gr\/de\/wp-json\/wp\/v2\/media\/338"}],"wp:attachment":[{"href":"https:\/\/www.achillionpalace.gr\/de\/wp-json\/wp\/v2\/media?parent=17"}],"curies":[{"name":"wp","href":"https:\/\/api.w.org\/{rel}","templated":true}]}}