{"id":2,"date":"2010-06-04T06:17:15","date_gmt":"2010-06-04T06:17:15","guid":{"rendered":"http:\/\/achillionpalace.gr\/?page_id=2"},"modified":"2018-09-05T15:01:06","modified_gmt":"2018-09-05T12:01:06","slug":"home","status":"publish","type":"page","link":"https:\/\/www.achillionpalace.gr\/de\/home\/","title":{"rendered":"Willkommensgruss"},"content":{"rendered":"<p><\/p>\n<p>Herzlich willkommen im <strong>ACHILLION PALACE<\/strong>, dem komfortabelsten und freundlichsten Hotel von Rethymno.<\/p>\n<p>Das Hotel liegt in der sch\u00f6nsten Ecke der Stadt, nur einen Katzensprung vom Strand entfernt, nahe dem Eingang zur Altstadt, deren enge G\u00e4sschen zu der imposanten mittelalterlichen Festung und dem malerischen venezianischen Hafen f\u00fchren.<\/p>\n<p>Das moderne, gut organisierte Hotel verbindet harmonisch vorz\u00fcglichen Komfort mit traditioneller kretischer Gastfreundschaft und m\u00f6chte zum idealen Ausgangspunkt f\u00fcr Ihre Spazierg\u00e4nge in die Stadt oder Ausfl\u00fcge in die weitere Umgebung werden.<\/p>\n<p>Das <strong>ACHILLION PALACE<\/strong> begr\u00fc\u00dft Sie herzlich und steht bereit, Ihnen einen unvergesslichen Aufenthalt zu bieten.<\/p>\n<p><\/p>","protected":false},"excerpt":{"rendered":"<p>Herzlich willkommen im ACHILLION PALACE, dem komfortabelsten und freundlichsten Hotel von Rethymno. Das Hotel liegt in der sch\u00f6nsten Ecke der Stadt, nur einen Katzensprung vom Strand entfernt, nahe dem Eingang zur Altstadt, deren enge G\u00e4sschen zu der imposanten mittelalterlichen Festung und dem malerischen venezianischen Hafen f\u00fchren. Das moderne, gut organisierte Hotel verbindet harmonisch vorz\u00fcglichen Komfort [&hellip;]<\/p>\n","protected":false},"author":2,"featured_media":0,"parent":0,"menu_order":1,"comment_status":"closed","ping_status":"closed","template":"","meta":{"ngg_post_thumbnail":0,"footnotes":""},"_links":{"self":[{"href":"https:\/\/www.achillionpalace.gr\/de\/wp-json\/wp\/v2\/pages\/2"}],"collection":[{"href":"https:\/\/www.achillionpalace.gr\/de\/wp-json\/wp\/v2\/pages"}],"about":[{"href":"https:\/\/www.achillionpalace.gr\/de\/wp-json\/wp\/v2\/types\/page"}],"author":[{"embeddable":true,"href":"https:\/\/www.achillionpalace.gr\/de\/wp-json\/wp\/v2\/users\/2"}],"replies":[{"embeddable":true,"href":"https:\/\/www.achillionpalace.gr\/de\/wp-json\/wp\/v2\/comments?post=2"}],"version-history":[{"count":0,"href":"https:\/\/www.achillionpalace.gr\/de\/wp-json\/wp\/v2\/pages\/2\/revisions"}],"wp:attachment":[{"href":"https:\/\/www.achillionpalace.gr\/de\/wp-json\/wp\/v2\/media?parent=2"}],"curies":[{"name":"wp","href":"https:\/\/api.w.org\/{rel}","templated":true}]}}