{"id":4,"date":"2010-06-04T15:08:17","date_gmt":"2010-06-04T12:08:17","guid":{"rendered":"https:\/\/www.achillionpalace.gr\/%cf%84%ce%bf-%ce%be%ce%b5%ce%bd%ce%bf%ce%b4%ce%bf%cf%87%ce%b5%ce%af%ce%bf\/"},"modified":"2018-09-05T16:47:14","modified_gmt":"2018-09-05T13:47:14","slug":"hotel","status":"publish","type":"page","link":"https:\/\/www.achillionpalace.gr\/de\/hotel\/","title":{"rendered":"Das Hotel"},"content":{"rendered":"<p><strong>Das<\/strong><strong> <\/strong><strong>ACHILLION PALACE<\/strong> ist ein modernes Vier-Sterne-Hotel, das h\u00f6chsten Anspr\u00fcchen an einen zeitgem\u00e4\u00dfen Aufenthalt gen\u00fcgt. Seine renovierten R\u00e4ume lassen guten Geschmack und diskreten Luxus erkennen. Das erfahrene Personal erbringt Ihnen gerne und professionell rund um die Uhr einwandfreien Service.<\/p>\n<p><strong>Erholen Sie sich<\/strong> in einem der 72 ger\u00e4umigen, geschmackvoll, schlicht und stilvoll ausgestatteten Zimmer, und genie\u00dfen Sie allen gebotenen modernen Komfort.<\/p>\n<p><strong>Erforschen Sie<\/strong> das reichhaltige Fr\u00fchst\u00fccksbuffet mit den kretischen Leckerbissen und den k\u00f6stlichen lokalen Produkten, das wir jeden Morgen f\u00fcr Sie vorbereiten.<\/p>\n<p><strong>Entspannen Sie sich <\/strong>bei Kaffee, Kuchen oder einem Getr\u00e4nk in der<strong> <\/strong>zu allen Jahreszeiten ge\u00f6ffneten Innenbar.<\/p>\n<p><strong>Erfrischen Sie sich <\/strong>w\u00e4hrend der Sommermonate im gr\u00fcnen Innengarten unseres Hotels mit seiner Bar, an der Sie Kaffee, Getr\u00e4nke und leichte Snacks aus erlesenen lokalen Produkten bekommen k\u00f6nnen.<\/p>\n<p><strong>\u201eLanden\u201c Sie <\/strong>auf der sch\u00f6nen Dachterrasse, \u00fcberlassen Sie sich den Freuden des Sommers, dem sanften Gepl\u00e4tscher des Schwimmbeckens und genie\u00dfen Sie bei einem Drink die Aussicht aufs Meer.<\/p>","protected":false},"excerpt":{"rendered":"<p>Das ACHILLION PALACE ist ein modernes Vier-Sterne-Hotel, das h\u00f6chsten Anspr\u00fcchen an einen zeitgem\u00e4\u00dfen Aufenthalt gen\u00fcgt. Seine renovierten R\u00e4ume lassen guten Geschmack und diskreten Luxus erkennen. Das erfahrene Personal erbringt Ihnen gerne und professionell rund um die Uhr einwandfreien Service. Erholen Sie sich in einem der 72 ger\u00e4umigen, geschmackvoll, schlicht und stilvoll ausgestatteten Zimmer, und genie\u00dfen [&hellip;]<\/p>\n","protected":false},"author":2,"featured_media":0,"parent":0,"menu_order":2,"comment_status":"closed","ping_status":"closed","template":"","meta":{"ngg_post_thumbnail":0,"footnotes":""},"_links":{"self":[{"href":"https:\/\/www.achillionpalace.gr\/de\/wp-json\/wp\/v2\/pages\/4"}],"collection":[{"href":"https:\/\/www.achillionpalace.gr\/de\/wp-json\/wp\/v2\/pages"}],"about":[{"href":"https:\/\/www.achillionpalace.gr\/de\/wp-json\/wp\/v2\/types\/page"}],"author":[{"embeddable":true,"href":"https:\/\/www.achillionpalace.gr\/de\/wp-json\/wp\/v2\/users\/2"}],"replies":[{"embeddable":true,"href":"https:\/\/www.achillionpalace.gr\/de\/wp-json\/wp\/v2\/comments?post=4"}],"version-history":[{"count":0,"href":"https:\/\/www.achillionpalace.gr\/de\/wp-json\/wp\/v2\/pages\/4\/revisions"}],"wp:attachment":[{"href":"https:\/\/www.achillionpalace.gr\/de\/wp-json\/wp\/v2\/media?parent=4"}],"curies":[{"name":"wp","href":"https:\/\/api.w.org\/{rel}","templated":true}]}}