{"id":5,"date":"2010-06-04T15:09:11","date_gmt":"2010-06-04T12:09:11","guid":{"rendered":"https:\/\/www.achillionpalace.gr\/%ce%b3%ce%b5%cf%8d%cf%83%ce%b7\/"},"modified":"2018-09-05T16:56:57","modified_gmt":"2018-09-05T13:56:57","slug":"taste","status":"publish","type":"page","link":"https:\/\/www.achillionpalace.gr\/de\/taste\/","title":{"rendered":"Mahlzeiten"},"content":{"rendered":"<p>Im <strong>ACHILLION PALACE<\/strong> beginnen Sie Ihren Tag im hellen Speisesaal oder im gr\u00fcnen Innengarten mit einem \u00fcppigen wohlschmeckenden Fr\u00fchst\u00fcck, zubereitet aus den besten einheimischen Produkten. Eier, Milch, Jogurt, Honig, K\u00e4se, Obst und Gem\u00fcse, kretischer Zwieback, hausgemachte Marmeladen und andere K\u00f6stlichkeiten bilden ein wahres kulinarisches Erlebnis. Zu den \u00fcbrigen Mahlzeiten lohnt es sich, unsere ausgezeichnete K\u00fcche im Zentralrestaurant zu probieren, wenn Sie einer organisierten Gruppe angeh\u00f6ren, oder einen leckeren Imbiss an einer der Hotelbars zu genie\u00dfen.<\/p>\n<p>Vom <strong>ACHILLION PALACE<\/strong> aus k\u00f6nnen Sie auch zu einer interessanten kulinarischen Reise in die Umgebung starten und kretische, griechische und europ\u00e4ische Speisen in den Restaurants, Tavernen oder Raki-Lokalen von Rethymno probieren.<\/p>","protected":false},"excerpt":{"rendered":"<p>Im ACHILLION PALACE beginnen Sie Ihren Tag im hellen Speisesaal oder im gr\u00fcnen Innengarten mit einem \u00fcppigen wohlschmeckenden Fr\u00fchst\u00fcck, zubereitet aus den besten einheimischen Produkten. Eier, Milch, Jogurt, Honig, K\u00e4se, Obst und Gem\u00fcse, kretischer Zwieback, hausgemachte Marmeladen und andere K\u00f6stlichkeiten bilden ein wahres kulinarisches Erlebnis. Zu den \u00fcbrigen Mahlzeiten lohnt es sich, unsere ausgezeichnete K\u00fcche [&hellip;]<\/p>\n","protected":false},"author":2,"featured_media":0,"parent":0,"menu_order":3,"comment_status":"closed","ping_status":"open","template":"","meta":{"ngg_post_thumbnail":0,"footnotes":""},"_links":{"self":[{"href":"https:\/\/www.achillionpalace.gr\/de\/wp-json\/wp\/v2\/pages\/5"}],"collection":[{"href":"https:\/\/www.achillionpalace.gr\/de\/wp-json\/wp\/v2\/pages"}],"about":[{"href":"https:\/\/www.achillionpalace.gr\/de\/wp-json\/wp\/v2\/types\/page"}],"author":[{"embeddable":true,"href":"https:\/\/www.achillionpalace.gr\/de\/wp-json\/wp\/v2\/users\/2"}],"replies":[{"embeddable":true,"href":"https:\/\/www.achillionpalace.gr\/de\/wp-json\/wp\/v2\/comments?post=5"}],"version-history":[{"count":0,"href":"https:\/\/www.achillionpalace.gr\/de\/wp-json\/wp\/v2\/pages\/5\/revisions"}],"wp:attachment":[{"href":"https:\/\/www.achillionpalace.gr\/de\/wp-json\/wp\/v2\/media?parent=5"}],"curies":[{"name":"wp","href":"https:\/\/api.w.org\/{rel}","templated":true}]}}